{"id":665,"date":"2015-04-13T15:03:55","date_gmt":"2015-04-13T15:03:55","guid":{"rendered":"https:\/\/les2villas.fr\/?page_id=665"},"modified":"2025-07-07T12:36:44","modified_gmt":"2025-07-07T12:36:44","slug":"rooms-suites","status":"publish","type":"page","link":"https:\/\/les2villas.fr\/en\/rooms-suites\/","title":{"rendered":"Rooms &#038; suites"},"content":{"rendered":"<h2>Check-in &amp; check-out<\/h2>\n<ul>\n<li>Les chambres sont disponibles \u00e0 partir de 16h. Si vous arrivez plut\u00f4t, nous mettons \u00e0 votre disposition notre bagagerie. Vous\u00a0pourrez ainsi d\u00e9buter votre s\u00e9jour en toute tranquillit\u00e9 !<\/li>\n<li>Notre \u00e9quipe se chargera de d\u00e9poser vos bagages avec soin dans votre chambre. Nous pouvons \u00e9galement vous envoyer un message d\u00e8s que votre chambre est pr\u00eate.<\/li>\n<li>Le check-out s\u2019effectue au plus tard \u00e0 12h00.<br \/>\nAfin de profiter au maximum de votre s\u00e9jour, notre bagagerie est \u00e0 votre disposition toute la journ\u00e9e.<\/li>\n<\/ul>\n","protected":false},"excerpt":{"rendered":"<p>Check-in &amp; check-out Les chambres sont disponibles \u00e0 partir de 16h. Si vous arrivez plut\u00f4t, nous mettons \u00e0 votre disposition notre bagagerie. Vous\u00a0pourrez ainsi d\u00e9buter votre s\u00e9jour en toute tranquillit\u00e9 ! Notre \u00e9quipe se chargera de d\u00e9poser vos bagages avec soin dans votre chambre. Nous pouvons \u00e9galement vous envoyer un message d\u00e8s que votre chambre [&hellip;]<\/p>\n","protected":false},"author":1,"featured_media":0,"parent":0,"menu_order":0,"comment_status":"open","ping_status":"open","template":"page-templates\/tpl-chambres.php","meta":{"_acf_changed":false,"footnotes":""},"class_list":["post-665","page","type-page","status-publish","hentry"],"acf":[],"yoast_head":"<!-- This site is optimized with the Yoast SEO plugin v27.5 - https:\/\/yoast.com\/product\/yoast-seo-wordpress\/ -->\n<title>Rooms &amp; suites - Les 2 Villas<\/title>\n<meta name=\"robots\" content=\"index, follow, max-snippet:-1, max-image-preview:large, max-video-preview:-1\" \/>\n<link rel=\"canonical\" href=\"https:\/\/les2villas.fr\/en\/rooms-suites\/\" \/>\n<meta property=\"og:locale\" content=\"en_US\" \/>\n<meta property=\"og:type\" content=\"article\" \/>\n<meta property=\"og:title\" content=\"Rooms &amp; suites - Les 2 Villas\" \/>\n<meta property=\"og:description\" content=\"Check-in &amp; check-out Les chambres sont disponibles \u00e0 partir de 16h. Si vous arrivez plut\u00f4t, nous mettons \u00e0 votre disposition notre bagagerie. Vous\u00a0pourrez ainsi d\u00e9buter votre s\u00e9jour en toute tranquillit\u00e9 ! Notre \u00e9quipe se chargera de d\u00e9poser vos bagages avec soin dans votre chambre. Nous pouvons \u00e9galement vous envoyer un message d\u00e8s que votre chambre [&hellip;]\" \/>\n<meta property=\"og:url\" content=\"https:\/\/les2villas.fr\/en\/rooms-suites\/\" \/>\n<meta property=\"og:site_name\" content=\"Les 2 Villas\" \/>\n<meta property=\"article:modified_time\" content=\"2025-07-07T12:36:44+00:00\" \/>\n<meta name=\"twitter:card\" content=\"summary_large_image\" \/>\n<meta name=\"twitter:label1\" content=\"Est. reading time\" \/>\n\t<meta name=\"twitter:data1\" content=\"1 minute\" \/>\n<script type=\"application\/ld+json\" class=\"yoast-schema-graph\">{\"@context\":\"https:\\\/\\\/schema.org\",\"@graph\":[{\"@type\":\"WebPage\",\"@id\":\"https:\\\/\\\/les2villas.fr\\\/en\\\/rooms-suites\\\/\",\"url\":\"https:\\\/\\\/les2villas.fr\\\/en\\\/rooms-suites\\\/\",\"name\":\"Rooms & suites - Les 2 Villas\",\"isPartOf\":{\"@id\":\"https:\\\/\\\/les2villas.fr\\\/#website\"},\"datePublished\":\"2015-04-13T15:03:55+00:00\",\"dateModified\":\"2025-07-07T12:36:44+00:00\",\"breadcrumb\":{\"@id\":\"https:\\\/\\\/les2villas.fr\\\/en\\\/rooms-suites\\\/#breadcrumb\"},\"inLanguage\":\"en-US\",\"potentialAction\":[{\"@type\":\"ReadAction\",\"target\":[\"https:\\\/\\\/les2villas.fr\\\/en\\\/rooms-suites\\\/\"]}]},{\"@type\":\"BreadcrumbList\",\"@id\":\"https:\\\/\\\/les2villas.fr\\\/en\\\/rooms-suites\\\/#breadcrumb\",\"itemListElement\":[{\"@type\":\"ListItem\",\"position\":1,\"name\":\"Accueil\",\"item\":\"https:\\\/\\\/les2villas.fr\\\/en\\\/\"},{\"@type\":\"ListItem\",\"position\":2,\"name\":\"Rooms &#038; suites\"}]},{\"@type\":\"WebSite\",\"@id\":\"https:\\\/\\\/les2villas.fr\\\/#website\",\"url\":\"https:\\\/\\\/les2villas.fr\\\/\",\"name\":\"Les 2 Villas\",\"description\":\"H\u00f4tel \u00e0 Trouville sur Mer\",\"potentialAction\":[{\"@type\":\"SearchAction\",\"target\":{\"@type\":\"EntryPoint\",\"urlTemplate\":\"https:\\\/\\\/les2villas.fr\\\/?s={search_term_string}\"},\"query-input\":{\"@type\":\"PropertyValueSpecification\",\"valueRequired\":true,\"valueName\":\"search_term_string\"}}],\"inLanguage\":\"en-US\"}]}<\/script>\n<!-- \/ Yoast SEO plugin. -->","yoast_head_json":{"title":"Rooms & suites - Les 2 Villas","robots":{"index":"index","follow":"follow","max-snippet":"max-snippet:-1","max-image-preview":"max-image-preview:large","max-video-preview":"max-video-preview:-1"},"canonical":"https:\/\/les2villas.fr\/en\/rooms-suites\/","og_locale":"en_US","og_type":"article","og_title":"Rooms & suites - Les 2 Villas","og_description":"Check-in &amp; check-out Les chambres sont disponibles \u00e0 partir de 16h. Si vous arrivez plut\u00f4t, nous mettons \u00e0 votre disposition notre bagagerie. Vous\u00a0pourrez ainsi d\u00e9buter votre s\u00e9jour en toute tranquillit\u00e9 ! Notre \u00e9quipe se chargera de d\u00e9poser vos bagages avec soin dans votre chambre. Nous pouvons \u00e9galement vous envoyer un message d\u00e8s que votre chambre [&hellip;]","og_url":"https:\/\/les2villas.fr\/en\/rooms-suites\/","og_site_name":"Les 2 Villas","article_modified_time":"2025-07-07T12:36:44+00:00","twitter_card":"summary_large_image","twitter_misc":{"Est. reading time":"1 minute"},"schema":{"@context":"https:\/\/schema.org","@graph":[{"@type":"WebPage","@id":"https:\/\/les2villas.fr\/en\/rooms-suites\/","url":"https:\/\/les2villas.fr\/en\/rooms-suites\/","name":"Rooms & suites - Les 2 Villas","isPartOf":{"@id":"https:\/\/les2villas.fr\/#website"},"datePublished":"2015-04-13T15:03:55+00:00","dateModified":"2025-07-07T12:36:44+00:00","breadcrumb":{"@id":"https:\/\/les2villas.fr\/en\/rooms-suites\/#breadcrumb"},"inLanguage":"en-US","potentialAction":[{"@type":"ReadAction","target":["https:\/\/les2villas.fr\/en\/rooms-suites\/"]}]},{"@type":"BreadcrumbList","@id":"https:\/\/les2villas.fr\/en\/rooms-suites\/#breadcrumb","itemListElement":[{"@type":"ListItem","position":1,"name":"Accueil","item":"https:\/\/les2villas.fr\/en\/"},{"@type":"ListItem","position":2,"name":"Rooms &#038; suites"}]},{"@type":"WebSite","@id":"https:\/\/les2villas.fr\/#website","url":"https:\/\/les2villas.fr\/","name":"Les 2 Villas","description":"H\u00f4tel \u00e0 Trouville sur Mer","potentialAction":[{"@type":"SearchAction","target":{"@type":"EntryPoint","urlTemplate":"https:\/\/les2villas.fr\/?s={search_term_string}"},"query-input":{"@type":"PropertyValueSpecification","valueRequired":true,"valueName":"search_term_string"}}],"inLanguage":"en-US"}]}},"_links":{"self":[{"href":"https:\/\/les2villas.fr\/en\/wp-json\/wp\/v2\/pages\/665","targetHints":{"allow":["GET"]}}],"collection":[{"href":"https:\/\/les2villas.fr\/en\/wp-json\/wp\/v2\/pages"}],"about":[{"href":"https:\/\/les2villas.fr\/en\/wp-json\/wp\/v2\/types\/page"}],"author":[{"embeddable":true,"href":"https:\/\/les2villas.fr\/en\/wp-json\/wp\/v2\/users\/1"}],"replies":[{"embeddable":true,"href":"https:\/\/les2villas.fr\/en\/wp-json\/wp\/v2\/comments?post=665"}],"version-history":[{"count":14,"href":"https:\/\/les2villas.fr\/en\/wp-json\/wp\/v2\/pages\/665\/revisions"}],"predecessor-version":[{"id":3016,"href":"https:\/\/les2villas.fr\/en\/wp-json\/wp\/v2\/pages\/665\/revisions\/3016"}],"wp:attachment":[{"href":"https:\/\/les2villas.fr\/en\/wp-json\/wp\/v2\/media?parent=665"}],"curies":[{"name":"wp","href":"https:\/\/api.w.org\/{rel}","templated":true}]}}