{"id":2950,"date":"2015-04-13T14:58:22","date_gmt":"2015-04-13T14:58:22","guid":{"rendered":"https:\/\/dev.les2villas.fr\/accueil\/"},"modified":"2025-07-07T12:33:26","modified_gmt":"2025-07-07T12:33:26","slug":"accueil","status":"publish","type":"page","link":"https:\/\/les2villas.fr\/en\/","title":{"rendered":"Homepage"},"content":{"rendered":"","protected":false},"excerpt":{"rendered":"","protected":false},"author":1,"featured_media":0,"parent":0,"menu_order":0,"comment_status":"open","ping_status":"open","template":"page-templates\/tpl-accueil.php","meta":{"_acf_changed":false,"footnotes":""},"class_list":["post-2950","page","type-page","status-publish","hentry"],"acf":[],"yoast_head":"<!-- This site is optimized with the Yoast SEO plugin v27.4 - https:\/\/yoast.com\/product\/yoast-seo-wordpress\/ -->\n<title>Les 2 Villas - H\u00f4tel \u00e0 Trouville sur Mer<\/title>\n<meta name=\"description\" content=\"H\u00f4tel \u00e0 Trouville sur mer \u00e0 c\u00f4t\u00e9 de Deauville en Normandie. Situ\u00e9 dans une rue calme dans le centre de Trouville, proche de la plage et du Casino.\" \/>\n<meta name=\"robots\" content=\"index, follow, max-snippet:-1, max-image-preview:large, max-video-preview:-1\" \/>\n<link rel=\"canonical\" href=\"https:\/\/les2villas.fr\/en\/\" \/>\n<meta property=\"og:locale\" content=\"en_US\" \/>\n<meta property=\"og:type\" content=\"article\" \/>\n<meta property=\"og:title\" content=\"Les 2 Villas - H\u00f4tel \u00e0 Trouville sur Mer\" \/>\n<meta property=\"og:description\" content=\"H\u00f4tel \u00e0 Trouville sur mer \u00e0 c\u00f4t\u00e9 de Deauville en Normandie. Situ\u00e9 dans une rue calme dans le centre de Trouville, proche de la plage et du Casino.\" \/>\n<meta property=\"og:url\" content=\"https:\/\/les2villas.fr\/en\/\" \/>\n<meta property=\"og:site_name\" content=\"Les 2 Villas\" \/>\n<meta property=\"article:modified_time\" content=\"2025-07-07T12:33:26+00:00\" \/>\n<meta name=\"twitter:card\" content=\"summary_large_image\" \/>\n<script type=\"application\/ld+json\" class=\"yoast-schema-graph\">{\"@context\":\"https:\\\/\\\/schema.org\",\"@graph\":[{\"@type\":\"WebPage\",\"@id\":\"https:\\\/\\\/les2villas.fr\\\/en\\\/\",\"url\":\"https:\\\/\\\/les2villas.fr\\\/en\\\/\",\"name\":\"Les 2 Villas - H\u00f4tel \u00e0 Trouville sur Mer\",\"isPartOf\":{\"@id\":\"https:\\\/\\\/les2villas.fr\\\/#website\"},\"datePublished\":\"2015-04-13T14:58:22+00:00\",\"dateModified\":\"2025-07-07T12:33:26+00:00\",\"description\":\"H\u00f4tel \u00e0 Trouville sur mer \u00e0 c\u00f4t\u00e9 de Deauville en Normandie. Situ\u00e9 dans une rue calme dans le centre de Trouville, proche de la plage et du Casino.\",\"breadcrumb\":{\"@id\":\"https:\\\/\\\/les2villas.fr\\\/en\\\/#breadcrumb\"},\"inLanguage\":\"en-US\",\"potentialAction\":[{\"@type\":\"ReadAction\",\"target\":[\"https:\\\/\\\/les2villas.fr\\\/en\\\/\"]}]},{\"@type\":\"BreadcrumbList\",\"@id\":\"https:\\\/\\\/les2villas.fr\\\/en\\\/#breadcrumb\",\"itemListElement\":[{\"@type\":\"ListItem\",\"position\":1,\"name\":\"Accueil\",\"item\":\"https:\\\/\\\/les2villas.fr\\\/en\\\/\"},{\"@type\":\"ListItem\",\"position\":2,\"name\":\"Homepage\"}]},{\"@type\":\"WebSite\",\"@id\":\"https:\\\/\\\/les2villas.fr\\\/#website\",\"url\":\"https:\\\/\\\/les2villas.fr\\\/\",\"name\":\"Les 2 Villas\",\"description\":\"H\u00f4tel \u00e0 Trouville sur Mer\",\"potentialAction\":[{\"@type\":\"SearchAction\",\"target\":{\"@type\":\"EntryPoint\",\"urlTemplate\":\"https:\\\/\\\/les2villas.fr\\\/?s={search_term_string}\"},\"query-input\":{\"@type\":\"PropertyValueSpecification\",\"valueRequired\":true,\"valueName\":\"search_term_string\"}}],\"inLanguage\":\"en-US\"}]}<\/script>\n<!-- \/ Yoast SEO plugin. -->","yoast_head_json":{"title":"Les 2 Villas - H\u00f4tel \u00e0 Trouville sur Mer","description":"H\u00f4tel \u00e0 Trouville sur mer \u00e0 c\u00f4t\u00e9 de Deauville en Normandie. Situ\u00e9 dans une rue calme dans le centre de Trouville, proche de la plage et du Casino.","robots":{"index":"index","follow":"follow","max-snippet":"max-snippet:-1","max-image-preview":"max-image-preview:large","max-video-preview":"max-video-preview:-1"},"canonical":"https:\/\/les2villas.fr\/en\/","og_locale":"en_US","og_type":"article","og_title":"Les 2 Villas - H\u00f4tel \u00e0 Trouville sur Mer","og_description":"H\u00f4tel \u00e0 Trouville sur mer \u00e0 c\u00f4t\u00e9 de Deauville en Normandie. Situ\u00e9 dans une rue calme dans le centre de Trouville, proche de la plage et du Casino.","og_url":"https:\/\/les2villas.fr\/en\/","og_site_name":"Les 2 Villas","article_modified_time":"2025-07-07T12:33:26+00:00","twitter_card":"summary_large_image","schema":{"@context":"https:\/\/schema.org","@graph":[{"@type":"WebPage","@id":"https:\/\/les2villas.fr\/en\/","url":"https:\/\/les2villas.fr\/en\/","name":"Les 2 Villas - H\u00f4tel \u00e0 Trouville sur Mer","isPartOf":{"@id":"https:\/\/les2villas.fr\/#website"},"datePublished":"2015-04-13T14:58:22+00:00","dateModified":"2025-07-07T12:33:26+00:00","description":"H\u00f4tel \u00e0 Trouville sur mer \u00e0 c\u00f4t\u00e9 de Deauville en Normandie. Situ\u00e9 dans une rue calme dans le centre de Trouville, proche de la plage et du Casino.","breadcrumb":{"@id":"https:\/\/les2villas.fr\/en\/#breadcrumb"},"inLanguage":"en-US","potentialAction":[{"@type":"ReadAction","target":["https:\/\/les2villas.fr\/en\/"]}]},{"@type":"BreadcrumbList","@id":"https:\/\/les2villas.fr\/en\/#breadcrumb","itemListElement":[{"@type":"ListItem","position":1,"name":"Accueil","item":"https:\/\/les2villas.fr\/en\/"},{"@type":"ListItem","position":2,"name":"Homepage"}]},{"@type":"WebSite","@id":"https:\/\/les2villas.fr\/#website","url":"https:\/\/les2villas.fr\/","name":"Les 2 Villas","description":"H\u00f4tel \u00e0 Trouville sur Mer","potentialAction":[{"@type":"SearchAction","target":{"@type":"EntryPoint","urlTemplate":"https:\/\/les2villas.fr\/?s={search_term_string}"},"query-input":{"@type":"PropertyValueSpecification","valueRequired":true,"valueName":"search_term_string"}}],"inLanguage":"en-US"}]}},"_links":{"self":[{"href":"https:\/\/les2villas.fr\/en\/wp-json\/wp\/v2\/pages\/2950","targetHints":{"allow":["GET"]}}],"collection":[{"href":"https:\/\/les2villas.fr\/en\/wp-json\/wp\/v2\/pages"}],"about":[{"href":"https:\/\/les2villas.fr\/en\/wp-json\/wp\/v2\/types\/page"}],"author":[{"embeddable":true,"href":"https:\/\/les2villas.fr\/en\/wp-json\/wp\/v2\/users\/1"}],"replies":[{"embeddable":true,"href":"https:\/\/les2villas.fr\/en\/wp-json\/wp\/v2\/comments?post=2950"}],"version-history":[{"count":6,"href":"https:\/\/les2villas.fr\/en\/wp-json\/wp\/v2\/pages\/2950\/revisions"}],"predecessor-version":[{"id":3091,"href":"https:\/\/les2villas.fr\/en\/wp-json\/wp\/v2\/pages\/2950\/revisions\/3091"}],"wp:attachment":[{"href":"https:\/\/les2villas.fr\/en\/wp-json\/wp\/v2\/media?parent=2950"}],"curies":[{"name":"wp","href":"https:\/\/api.w.org\/{rel}","templated":true}]}}